{"id":2,"date":"2012-11-06T18:33:19","date_gmt":"2012-11-06T18:33:19","guid":{"rendered":"http:\/\/f02132.futris02.de\/?page_id=2"},"modified":"2025-06-26T10:22:41","modified_gmt":"2025-06-26T08:22:41","slug":"beispiel-seite","status":"publish","type":"page","link":"https:\/\/www.723grad.de\/?page_id=2","title":{"rendered":"Curriculum Vitae"},"content":{"rendered":"<div id=\"attachment_118\" style=\"width: 330px\" class=\"wp-caption alignleft\"><img aria-describedby=\"caption-attachment-118\" loading=\"lazy\" class=\"wp-image-118 size-full\" src=\"https:\/\/www.723grad.de\/wp-content\/uploads\/tom.png\" alt=\"Tom Sommer\" width=\"320\" height=\"470\" srcset=\"https:\/\/www.723grad.de\/wp-content\/uploads\/tom.png 320w, https:\/\/www.723grad.de\/wp-content\/uploads\/tom-204x300.png 204w\" sizes=\"(max-width: 320px) 100vw, 320px\" \/><p id=\"caption-attachment-118\" class=\"wp-caption-text\">Tom Sommer<\/p><\/div>\n<p>\u00a0<\/p>\n<p>Tom Sommer seit 1995 als Metallbaumeister und Metallgestalter t\u00e4tig und bietet ein breit gef\u00e4chertes Spektrum im klassischen Metallbau. Dazu z\u00e4hlen Schlosser- und Schmiedearbeiten ebenso wie die Anfertigung von Treppen, Gel\u00e4ndern, Toren, Raumtrennern und T\u00fcren aus Stahl und Glas. Ein weiterer Schwerpunkt liegt auf individuellen Einzell\u00f6sungen, die funktionale Anforderungen mit gestalterischem Anspruch verbinden.<br \/>Dazu geh\u00f6ren auch komplexe Treppenkonstruktionen und ma\u00dfgeschneiderte Sonderl\u00f6sungen sowie die fachgerechte Restauration historischer Gel\u00e4nder zum Leistungsspektrum.<br \/>Ein besonderer Schwerpunkt liegt auf der Veredelung von Metalloberfl\u00e4chen. Durch fundierte Erfahrung im Umgang mit Patina- und Oberfl\u00e4chentechniken entstehen charaktervolle, individuell abgestimmte Oberfl\u00e4chen auf Stahl, Bronze, Messing und Kupfer \u2013 mit Ausdruck, Tiefe<\/p>\n<p><!-- <strong>Kunden<\/strong>\n\nDie in den Bereich B\u00fchnenbild gehenden Projekte werden von verschiedenen Theatern der Region beauftragt. Auch die Auftr\u00e4ge der Architektur- und Baubranche kommen oft aus Aachen und der Euregio, aber auch aus K\u00f6ln oder Siegburg. Sie werden in der Regel in Kooperation mit den ans\u00e4ssigen Handwerksbetrieben ausgef\u00fchrt. Im Gegensatz dazu entstehen viele der gro\u00dfen, freien Arbeiten im europ\u00e4ischen Ausland.\nUnabh\u00e4ngig vom Umfang, k\u00f6nnen Auftr\u00e4ge auch von Privatpersonen erteilt werden. Die Einzelobjekte entstehen oft als freie Arbeiten, und ohne direkten Auftrag, in der eigenen Werkstatt. --><\/p>\n<p>Anfragen k\u00f6nnen gerne jederzeit \u00fcber die <a title=\"Impressum :: Kontakt\" href=\"https:\/\/www.723grad.de\/?page_id=23\">Kontaktseite<\/a> gestellt werden.<\/p>\n\n\n<h2>Team<\/h2>\n\n\n<p><img src=\"https:\/\/www.723grad.de\/wp-content\/uploads\/723grad_team.jpg\"><\/p>\n<figure><figcaption>frei nach Bild von Jacob Jordaens(\u2020 1678)<\/figcaption><\/figure>","protected":false},"excerpt":{"rendered":"<p>\u00a0 Tom Sommer seit 1995 als Metallbaumeister und Metallgestalter t\u00e4tig und bietet ein breit gef\u00e4chertes Spektrum im klassischen Metallbau. Dazu z\u00e4hlen Schlosser- und Schmiedearbeiten ebenso wie die Anfertigung von Treppen, Gel\u00e4ndern, Toren, Raumtrennern und T\u00fcren [&hellip;]<\/p>\n","protected":false},"author":1,"featured_media":0,"parent":0,"menu_order":0,"comment_status":"closed","ping_status":"closed","template":"","meta":[],"_links":{"self":[{"href":"https:\/\/www.723grad.de\/index.php?rest_route=\/wp\/v2\/pages\/2"}],"collection":[{"href":"https:\/\/www.723grad.de\/index.php?rest_route=\/wp\/v2\/pages"}],"about":[{"href":"https:\/\/www.723grad.de\/index.php?rest_route=\/wp\/v2\/types\/page"}],"author":[{"embeddable":true,"href":"https:\/\/www.723grad.de\/index.php?rest_route=\/wp\/v2\/users\/1"}],"replies":[{"embeddable":true,"href":"https:\/\/www.723grad.de\/index.php?rest_route=%2Fwp%2Fv2%2Fcomments&post=2"}],"version-history":[{"count":36,"href":"https:\/\/www.723grad.de\/index.php?rest_route=\/wp\/v2\/pages\/2\/revisions"}],"predecessor-version":[{"id":624,"href":"https:\/\/www.723grad.de\/index.php?rest_route=\/wp\/v2\/pages\/2\/revisions\/624"}],"wp:attachment":[{"href":"https:\/\/www.723grad.de\/index.php?rest_route=%2Fwp%2Fv2%2Fmedia&parent=2"}],"curies":[{"name":"wp","href":"https:\/\/api.w.org\/{rel}","templated":true}]}}