{"id":23,"date":"2013-05-08T22:35:57","date_gmt":"2013-05-08T20:35:57","guid":{"rendered":"http:\/\/www.723grad.de\/?page_id=23"},"modified":"2023-11-29T12:52:26","modified_gmt":"2023-11-29T10:52:26","slug":"kontakt-impressum","status":"publish","type":"page","link":"https:\/\/www.723grad.de\/?page_id=23","title":{"rendered":"Impressum :: Kontakt"},"content":{"rendered":"<p>Impressum<\/p>\n<p>Tom Sommer<\/p>\n<p>Ginsterweg 12b<br \/>\nD-52146 W\u00fcrselen<span style=\"color: #000000;\"><br \/>\n<a href=\"mailto:sommer@723grad.de\">sommer@723grad.de<\/a><br \/>\n<\/span>fon ++49 (0)2405 4077519<\/p>\n<p>Ust IdNr.: DE 240637676<br \/>\nHwk Aachen Betriebsnr.: 3081209<\/p>\n<p>verantwortlich f\u00fcr den Inhalt : Tom Sommer<\/p>\n<p><em>Gerne k\u00f6nnen Sie auch Kontakt \u00fcber das folgende Formular zu uns aufnehmen. Ihre Eingaben werden beim Absenden verschl\u00fcsselt \u00fcbertragen. Bitte lesen Sie dazu auch <a href=\"https:\/\/www.723grad.de\/?page_id=311\">unsere Datenschutzerkl\u00e4rung<\/a>.<\/em><\/p>\n","protected":false},"excerpt":{"rendered":"<p>Impressum Tom Sommer Ginsterweg 12b D-52146 W\u00fcrselen sommer@723grad.de fon ++49 (0)2405 4077519 Ust IdNr.: DE 240637676 Hwk Aachen Betriebsnr.: 3081209 verantwortlich f\u00fcr den Inhalt : Tom Sommer Gerne k\u00f6nnen Sie auch Kontakt \u00fcber das folgende [&hellip;]<\/p>\n","protected":false},"author":1,"featured_media":0,"parent":0,"menu_order":0,"comment_status":"closed","ping_status":"closed","template":"template-contact.php","meta":[],"_links":{"self":[{"href":"https:\/\/www.723grad.de\/index.php?rest_route=\/wp\/v2\/pages\/23"}],"collection":[{"href":"https:\/\/www.723grad.de\/index.php?rest_route=\/wp\/v2\/pages"}],"about":[{"href":"https:\/\/www.723grad.de\/index.php?rest_route=\/wp\/v2\/types\/page"}],"author":[{"embeddable":true,"href":"https:\/\/www.723grad.de\/index.php?rest_route=\/wp\/v2\/users\/1"}],"replies":[{"embeddable":true,"href":"https:\/\/www.723grad.de\/index.php?rest_route=%2Fwp%2Fv2%2Fcomments&post=23"}],"version-history":[{"count":25,"href":"https:\/\/www.723grad.de\/index.php?rest_route=\/wp\/v2\/pages\/23\/revisions"}],"predecessor-version":[{"id":607,"href":"https:\/\/www.723grad.de\/index.php?rest_route=\/wp\/v2\/pages\/23\/revisions\/607"}],"wp:attachment":[{"href":"https:\/\/www.723grad.de\/index.php?rest_route=%2Fwp%2Fv2%2Fmedia&parent=23"}],"curies":[{"name":"wp","href":"https:\/\/api.w.org\/{rel}","templated":true}]}}